{"id":4128,"date":"2021-07-12T11:34:16","date_gmt":"2021-07-12T16:34:16","guid":{"rendered":"https:\/\/indiaromantica.com\/club\/?page_id=4128"},"modified":"2025-08-23T12:03:20","modified_gmt":"2025-08-23T17:03:20","slug":"contenido-exclusivo-para-colaboradores","status":"publish","type":"page","link":"https:\/\/indiaromantica.com\/club\/contenido-exclusivo-para-colaboradores\/","title":{"rendered":"Contenido EXCLUSIVO Para SUSCRIPTORES"},"content":{"rendered":"<h2 style=\"text-align: center;\"><\/h2>\n<h2 style=\"text-align: center;\"><img loading=\"lazy\" decoding=\"async\" class=\"aligncenter wp-image-4147 size-full\" src=\"https:\/\/i.imgur.com\/uIgZ3oS.png\" alt=\"\" width=\"400\" height=\"370\" \/><\/h2>\n<h2 style=\"text-align: center;\">No puedes ver este contenido porque es <strong>EXCLUSIVO<\/strong> para nuestros SUSCRIPTORES.<\/h2>\n<h3 style=\"text-align: center;\">Si ya lo eres, con tu <strong>USUARIO<\/strong> y <strong>CONTRASE\u00d1A<\/strong> que te enviamos a tu correo, por favor inicia sesi\u00f3n <a href=\"https:\/\/indiaromantica.com\/club\/wp-login.php\"><strong>AQU\u00cd<\/strong>.<\/a><\/h3>\n<h3 style=\"text-align: center;\">Si a\u00fan est\u00e1s suscrito te invitamos a suscribirte por s\u00f3lo 5 d\u00f3lares al mes <a href=\"https:\/\/bit.ly\/Suscripcion-CIRFLIX\" target=\"_blank\" rel=\"noopener\"><strong>PULSANDO AQU\u00cd<\/strong><\/a><\/p>\n<p>Y podr\u00e1s disfrutar todo el <strong>CONTENIDO EXCLUSIVO<\/strong> que tenemos para ti (Necesitas una tarjeta de cr\u00e9dito o d\u00e9bito)<\/h3>\n<p>&nbsp;<\/p>\n<h2 style=\"text-align: center;\"><strong>SI TE ENCUENTRAS EN PER\u00da tenemos una S\u00faper Promoci\u00f3n para ti: ACCEDE A TODO NUESTRO CONTENIDO por tan s\u00f3lo 5 soles al mes!!! <a href=\"https:\/\/wa.link\/cirflix\" target=\"_blank\" rel=\"noopener\"><strong>PULSA AQU\u00cd PARA M\u00c1S INFORMACI\u00d3N<\/strong><\/a> <\/strong><\/h2>\n<p>&nbsp;<\/p>\n<h2 style=\"text-align: center;\"><strong>Muchas Gracias porque con tu apoyo, nos ayudas a seguir difundiendo estas maravillosas Producciones!!!<\/strong><\/h2>\n<p>&nbsp;<\/p>\n<h2 style=\"text-align: center;\"><em><strong><a href=\"https:\/\/indiaromantica.com\/club\">PULSA AQU\u00cd PARA VOLVER AL INICIO DE LA PLATAFORMA<\/a><\/strong><\/em><\/p>\n","protected":false},"excerpt":{"rendered":"<p>No puedes ver este contenido porque es EXCLUSIVO para nuestros SUSCRIPTORES. Si ya lo eres, con tu USUARIO y CONTRASE\u00d1A que te enviamos a tu correo, por favor inicia sesi\u00f3n AQU\u00cd. Si a\u00fan est\u00e1s suscrito te invitamos a suscribirte por s\u00f3lo 5 d\u00f3lares al mes PULSANDO AQU\u00cd Y podr\u00e1s disfrutar todo el CONTENIDO EXCLUSIVO que [&hellip;]<\/p>\n","protected":false},"author":2,"featured_media":29335,"parent":0,"menu_order":0,"comment_status":"closed","ping_status":"closed","template":"","meta":{"footnotes":""},"class_list":["post-4128","page","type-page","status-publish","has-post-thumbnail","hentry"],"_links":{"self":[{"href":"https:\/\/indiaromantica.com\/club\/wp-json\/wp\/v2\/pages\/4128","targetHints":{"allow":["GET"]}}],"collection":[{"href":"https:\/\/indiaromantica.com\/club\/wp-json\/wp\/v2\/pages"}],"about":[{"href":"https:\/\/indiaromantica.com\/club\/wp-json\/wp\/v2\/types\/page"}],"author":[{"embeddable":true,"href":"https:\/\/indiaromantica.com\/club\/wp-json\/wp\/v2\/users\/2"}],"replies":[{"embeddable":true,"href":"https:\/\/indiaromantica.com\/club\/wp-json\/wp\/v2\/comments?post=4128"}],"version-history":[{"count":38,"href":"https:\/\/indiaromantica.com\/club\/wp-json\/wp\/v2\/pages\/4128\/revisions"}],"predecessor-version":[{"id":30562,"href":"https:\/\/indiaromantica.com\/club\/wp-json\/wp\/v2\/pages\/4128\/revisions\/30562"}],"wp:featuredmedia":[{"embeddable":true,"href":"https:\/\/indiaromantica.com\/club\/wp-json\/wp\/v2\/media\/29335"}],"wp:attachment":[{"href":"https:\/\/indiaromantica.com\/club\/wp-json\/wp\/v2\/media?parent=4128"}],"curies":[{"name":"wp","href":"https:\/\/api.w.org\/{rel}","templated":true}]}}